{"id":3059,"date":"2024-09-15T02:28:23","date_gmt":"2024-09-14T18:28:23","guid":{"rendered":"https:\/\/amilaresort.com\/amila-dive-beach-resort\/"},"modified":"2025-10-26T12:10:37","modified_gmt":"2025-10-26T04:10:37","slug":"amila-dive-beach-resort","status":"publish","type":"page","link":"https:\/\/amilaresort.com\/de\/","title":{"rendered":"Amila Dive Beach Resort"},"content":{"rendered":"","protected":false},"excerpt":{"rendered":"","protected":false},"author":1,"featured_media":2979,"parent":0,"menu_order":0,"comment_status":"closed","ping_status":"closed","template":"","meta":{"slim_seo":{"title":"Amila Dive Beach Resort | Boutique Tauchresort Sipalay","description":"Entdecke das Amila Dive Beach Resort in Sipalay \u2013 Boutique-Tauchresort am Strand mit pers\u00f6nlichen Tauchg\u00e4ngen, traumhaften Sonnenunterg\u00e4ngen und Ruhe."},"footnotes":""},"class_list":["post-3059","page","type-page","status-publish","has-post-thumbnail","hentry"],"_links":{"self":[{"href":"https:\/\/amilaresort.com\/de\/wp-json\/wp\/v2\/pages\/3059","targetHints":{"allow":["GET"]}}],"collection":[{"href":"https:\/\/amilaresort.com\/de\/wp-json\/wp\/v2\/pages"}],"about":[{"href":"https:\/\/amilaresort.com\/de\/wp-json\/wp\/v2\/types\/page"}],"author":[{"embeddable":true,"href":"https:\/\/amilaresort.com\/de\/wp-json\/wp\/v2\/users\/1"}],"replies":[{"embeddable":true,"href":"https:\/\/amilaresort.com\/de\/wp-json\/wp\/v2\/comments?post=3059"}],"version-history":[{"count":10,"href":"https:\/\/amilaresort.com\/de\/wp-json\/wp\/v2\/pages\/3059\/revisions"}],"predecessor-version":[{"id":5675,"href":"https:\/\/amilaresort.com\/de\/wp-json\/wp\/v2\/pages\/3059\/revisions\/5675"}],"wp:featuredmedia":[{"embeddable":true,"href":"https:\/\/amilaresort.com\/de\/wp-json\/wp\/v2\/media\/2979"}],"wp:attachment":[{"href":"https:\/\/amilaresort.com\/de\/wp-json\/wp\/v2\/media?parent=3059"}],"curies":[{"name":"wp","href":"https:\/\/api.w.org\/{rel}","templated":true}]}}