{"id":3060,"date":"2024-09-15T01:08:26","date_gmt":"2024-09-14T17:08:26","guid":{"rendered":"https:\/\/amilaresort.com\/datenschutz\/"},"modified":"2025-08-07T11:10:32","modified_gmt":"2025-08-07T03:10:32","slug":"datenschutz","status":"publish","type":"page","link":"https:\/\/amilaresort.com\/de\/datenschutz\/","title":{"rendered":"Datenschutz"},"content":{"rendered":"","protected":false},"excerpt":{"rendered":"","protected":false},"author":1,"featured_media":2983,"parent":0,"menu_order":0,"comment_status":"closed","ping_status":"closed","template":"","meta":{"slim_seo":{"title":"Datenschutz \u2013 Amila Dive Beach Resort bei Sipalay","description":"Erfahren Sie, wie das Amila Dive Beach Resort Ihre pers\u00f6nlichen Daten sch\u00fctzt. Alle Informationen zur Datenerfassung, -verwendung und DSGVO-Konformit\u00e4t."},"footnotes":""},"class_list":["post-3060","page","type-page","status-publish","has-post-thumbnail","hentry"],"_links":{"self":[{"href":"https:\/\/amilaresort.com\/de\/wp-json\/wp\/v2\/pages\/3060","targetHints":{"allow":["GET"]}}],"collection":[{"href":"https:\/\/amilaresort.com\/de\/wp-json\/wp\/v2\/pages"}],"about":[{"href":"https:\/\/amilaresort.com\/de\/wp-json\/wp\/v2\/types\/page"}],"author":[{"embeddable":true,"href":"https:\/\/amilaresort.com\/de\/wp-json\/wp\/v2\/users\/1"}],"replies":[{"embeddable":true,"href":"https:\/\/amilaresort.com\/de\/wp-json\/wp\/v2\/comments?post=3060"}],"version-history":[{"count":0,"href":"https:\/\/amilaresort.com\/de\/wp-json\/wp\/v2\/pages\/3060\/revisions"}],"wp:featuredmedia":[{"embeddable":true,"href":"https:\/\/amilaresort.com\/de\/wp-json\/wp\/v2\/media\/2983"}],"wp:attachment":[{"href":"https:\/\/amilaresort.com\/de\/wp-json\/wp\/v2\/media?parent=3060"}],"curies":[{"name":"wp","href":"https:\/\/api.w.org\/{rel}","templated":true}]}}