{"id":3064,"date":"2024-09-15T02:33:27","date_gmt":"2024-09-14T18:33:27","guid":{"rendered":"https:\/\/amilaresort.com\/unsere-zimmer\/king-garten-zimmer\/"},"modified":"2025-10-24T10:50:22","modified_gmt":"2025-10-24T02:50:22","slug":"king-garten-zimmer","status":"publish","type":"page","link":"https:\/\/amilaresort.com\/de\/unsere-zimmer\/king-garten-zimmer\/","title":{"rendered":"King Garten Zimmer"},"content":{"rendered":"","protected":false},"excerpt":{"rendered":"","protected":false},"author":1,"featured_media":2981,"parent":3062,"menu_order":0,"comment_status":"closed","ping_status":"closed","template":"","meta":{"slim_seo":{"title":"King Garten Zimmer | Amila Dive Resort Sipalay","description":"Entspanne Dich im King Garten Zimmer des Amila Dive Resorts bei Sipalay. Ideal f\u00fcr Taucher und Paare, umgeben von tropischem Gr\u00fcn und Strandn\u00e4he."},"footnotes":""},"class_list":["post-3064","page","type-page","status-publish","has-post-thumbnail","hentry"],"_links":{"self":[{"href":"https:\/\/amilaresort.com\/de\/wp-json\/wp\/v2\/pages\/3064","targetHints":{"allow":["GET"]}}],"collection":[{"href":"https:\/\/amilaresort.com\/de\/wp-json\/wp\/v2\/pages"}],"about":[{"href":"https:\/\/amilaresort.com\/de\/wp-json\/wp\/v2\/types\/page"}],"author":[{"embeddable":true,"href":"https:\/\/amilaresort.com\/de\/wp-json\/wp\/v2\/users\/1"}],"replies":[{"embeddable":true,"href":"https:\/\/amilaresort.com\/de\/wp-json\/wp\/v2\/comments?post=3064"}],"version-history":[{"count":1,"href":"https:\/\/amilaresort.com\/de\/wp-json\/wp\/v2\/pages\/3064\/revisions"}],"predecessor-version":[{"id":5659,"href":"https:\/\/amilaresort.com\/de\/wp-json\/wp\/v2\/pages\/3064\/revisions\/5659"}],"up":[{"embeddable":true,"href":"https:\/\/amilaresort.com\/de\/wp-json\/wp\/v2\/pages\/3062"}],"wp:featuredmedia":[{"embeddable":true,"href":"https:\/\/amilaresort.com\/de\/wp-json\/wp\/v2\/media\/2981"}],"wp:attachment":[{"href":"https:\/\/amilaresort.com\/de\/wp-json\/wp\/v2\/media?parent=3064"}],"curies":[{"name":"wp","href":"https:\/\/api.w.org\/{rel}","templated":true}]}}