{"id":3066,"date":"2024-09-15T02:34:49","date_gmt":"2024-09-14T18:34:49","guid":{"rendered":"https:\/\/amilaresort.com\/restaurant\/"},"modified":"2026-03-09T18:16:13","modified_gmt":"2026-03-09T10:16:13","slug":"restaurant","status":"publish","type":"page","link":"https:\/\/amilaresort.com\/de\/restaurant\/","title":{"rendered":"Restaurant"},"content":{"rendered":"","protected":false},"excerpt":{"rendered":"","protected":false},"author":1,"featured_media":2985,"parent":0,"menu_order":0,"comment_status":"closed","ping_status":"closed","template":"","meta":{"slim_seo":{"title":"Restaurant am Strand | Amila Dive Resort Sipalay","description":"Genie\u00dfe frische Meeresfr\u00fcchte und lokale Spezialit\u00e4ten im Strandrestaurant des Amila Dive Resorts bei Sipalay \u2013 mit traumhaftem Blick auf den Sonnenuntergang."},"footnotes":""},"class_list":["post-3066","page","type-page","status-publish","has-post-thumbnail","hentry"],"_links":{"self":[{"href":"https:\/\/amilaresort.com\/de\/wp-json\/wp\/v2\/pages\/3066","targetHints":{"allow":["GET"]}}],"collection":[{"href":"https:\/\/amilaresort.com\/de\/wp-json\/wp\/v2\/pages"}],"about":[{"href":"https:\/\/amilaresort.com\/de\/wp-json\/wp\/v2\/types\/page"}],"author":[{"embeddable":true,"href":"https:\/\/amilaresort.com\/de\/wp-json\/wp\/v2\/users\/1"}],"replies":[{"embeddable":true,"href":"https:\/\/amilaresort.com\/de\/wp-json\/wp\/v2\/comments?post=3066"}],"version-history":[{"count":7,"href":"https:\/\/amilaresort.com\/de\/wp-json\/wp\/v2\/pages\/3066\/revisions"}],"predecessor-version":[{"id":5746,"href":"https:\/\/amilaresort.com\/de\/wp-json\/wp\/v2\/pages\/3066\/revisions\/5746"}],"wp:featuredmedia":[{"embeddable":true,"href":"https:\/\/amilaresort.com\/de\/wp-json\/wp\/v2\/media\/2985"}],"wp:attachment":[{"href":"https:\/\/amilaresort.com\/de\/wp-json\/wp\/v2\/media?parent=3066"}],"curies":[{"name":"wp","href":"https:\/\/api.w.org\/{rel}","templated":true}]}}