{"id":3068,"date":"2024-09-15T02:36:22","date_gmt":"2024-09-14T18:36:22","guid":{"rendered":"https:\/\/amilaresort.com\/tauchplatze-philippinen\/"},"modified":"2025-08-08T09:19:57","modified_gmt":"2025-08-08T01:19:57","slug":"tauchplatze-philippinen","status":"publish","type":"page","link":"https:\/\/amilaresort.com\/de\/tauchplatze-philippinen\/","title":{"rendered":"Tauchpl\u00e4tze Philippinen"},"content":{"rendered":"","protected":false},"excerpt":{"rendered":"","protected":false},"author":1,"featured_media":3004,"parent":0,"menu_order":0,"comment_status":"closed","ping_status":"closed","template":"","meta":{"slim_seo":{"title":"Tauchpl\u00e4tze bei Sipalay \u2013 Amila Dive Beach Resort","description":"Entdecke die besten Tauchpl\u00e4tze rund um Sipalay. Amila Dive Beach Resort f\u00fchrt Dich zu farbenfrohen Riffen, Steilw\u00e4nden, Wracks und versteckten Highlights."},"footnotes":""},"class_list":["post-3068","page","type-page","status-publish","has-post-thumbnail","hentry"],"_links":{"self":[{"href":"https:\/\/amilaresort.com\/de\/wp-json\/wp\/v2\/pages\/3068","targetHints":{"allow":["GET"]}}],"collection":[{"href":"https:\/\/amilaresort.com\/de\/wp-json\/wp\/v2\/pages"}],"about":[{"href":"https:\/\/amilaresort.com\/de\/wp-json\/wp\/v2\/types\/page"}],"author":[{"embeddable":true,"href":"https:\/\/amilaresort.com\/de\/wp-json\/wp\/v2\/users\/1"}],"replies":[{"embeddable":true,"href":"https:\/\/amilaresort.com\/de\/wp-json\/wp\/v2\/comments?post=3068"}],"version-history":[{"count":0,"href":"https:\/\/amilaresort.com\/de\/wp-json\/wp\/v2\/pages\/3068\/revisions"}],"wp:featuredmedia":[{"embeddable":true,"href":"https:\/\/amilaresort.com\/de\/wp-json\/wp\/v2\/media\/3004"}],"wp:attachment":[{"href":"https:\/\/amilaresort.com\/de\/wp-json\/wp\/v2\/media?parent=3068"}],"curies":[{"name":"wp","href":"https:\/\/api.w.org\/{rel}","templated":true}]}}