{"id":3069,"date":"2024-09-15T02:36:52","date_gmt":"2024-09-14T18:36:52","guid":{"rendered":"https:\/\/amilaresort.com\/tauchpreise\/"},"modified":"2025-09-01T16:01:32","modified_gmt":"2025-09-01T08:01:32","slug":"tauchpreise","status":"publish","type":"page","link":"https:\/\/amilaresort.com\/de\/tauchpreise\/","title":{"rendered":"Tauchpreise"},"content":{"rendered":"","protected":false},"excerpt":{"rendered":"","protected":false},"author":1,"featured_media":3006,"parent":0,"menu_order":0,"comment_status":"closed","ping_status":"closed","template":"","meta":{"slim_seo":{"title":"Tauchpreise \u2013 Amila Dive Beach Resort bei Sipalay","description":"Entdecke die Tauchpreise im Amila Dive Resort in Sipalay. Gef\u00fchrte Rifftauchg\u00e4nge, Ausr\u00fcstung und attraktive Pakete f\u00fcr jedes Erfahrungslevel."},"footnotes":""},"class_list":["post-3069","page","type-page","status-publish","has-post-thumbnail","hentry"],"_links":{"self":[{"href":"https:\/\/amilaresort.com\/de\/wp-json\/wp\/v2\/pages\/3069","targetHints":{"allow":["GET"]}}],"collection":[{"href":"https:\/\/amilaresort.com\/de\/wp-json\/wp\/v2\/pages"}],"about":[{"href":"https:\/\/amilaresort.com\/de\/wp-json\/wp\/v2\/types\/page"}],"author":[{"embeddable":true,"href":"https:\/\/amilaresort.com\/de\/wp-json\/wp\/v2\/users\/1"}],"replies":[{"embeddable":true,"href":"https:\/\/amilaresort.com\/de\/wp-json\/wp\/v2\/comments?post=3069"}],"version-history":[{"count":1,"href":"https:\/\/amilaresort.com\/de\/wp-json\/wp\/v2\/pages\/3069\/revisions"}],"predecessor-version":[{"id":5623,"href":"https:\/\/amilaresort.com\/de\/wp-json\/wp\/v2\/pages\/3069\/revisions\/5623"}],"wp:featuredmedia":[{"embeddable":true,"href":"https:\/\/amilaresort.com\/de\/wp-json\/wp\/v2\/media\/3006"}],"wp:attachment":[{"href":"https:\/\/amilaresort.com\/de\/wp-json\/wp\/v2\/media?parent=3069"}],"curies":[{"name":"wp","href":"https:\/\/api.w.org\/{rel}","templated":true}]}}